{"id":334,"date":"2026-01-22T15:48:15","date_gmt":"2026-01-22T14:48:15","guid":{"rendered":"https:\/\/pmjecken.de\/?page_id=334"},"modified":"2026-01-22T15:48:15","modified_gmt":"2026-01-22T14:48:15","slug":"spenden","status":"publish","type":"page","link":"https:\/\/pmjecken.de\/?page_id=334","title":{"rendered":"Spenden"},"content":{"rendered":"\n<p>Die <strong>Pauls-M\u00fchler Jecken<\/strong> stehen f\u00fcr gelebtes Brauchtum, ehrenamtliches Engagement und Karneval f\u00fcr alle Generationen. Was viele nicht sehen: Ein Verein funktioniert nicht von allein \u2013 und schon gar nicht kostenlos.<\/p>\n\n\n\n<p>Musik, Technik, Sicherheit, Versicherungen, Nachwuchsarbeit und Veranstaltungen verursachen laufende Kosten. Mitgliedsbeitr\u00e4ge und Eintrittsgelder decken das l\u00e4ngst nicht mehr vollst\u00e4ndig ab. Gleichzeitig wollen wir unsere Veranstaltungen bezahlbar halten und Kindern, Jugendlichen und Familien weiterhin einen Platz im Verein bieten.<\/p>\n\n\n\n<p>Spenden helfen uns ganz konkret dabei, den Karneval in Paulsm\u00fchle am Leben zu halten \u2013 nicht luxuri\u00f6s, sondern solide und zukunftsf\u00e4hig. Jeder Beitrag flie\u00dft direkt in die Vereinsarbeit und kommt dem gemeinschaftlichen Miteinander zugute.<\/p>\n\n\n\n<p>Wer uns unterst\u00fctzt, sorgt daf\u00fcr, dass Engagement, Tradition und Freude nicht an fehlenden Mitteln scheitern.<\/p>\n\n\n\n<p>Es gibt zwei M\u00f6glichkeiten schnell und einfach zu spenden:<\/p>\n\n\n\n<p>Paypal       <strong>https:\/\/www.paypal.me\/pmjecken<\/strong><\/p>\n\n\n\n<figure class=\"wp-block-image size-large is-resized\"><img loading=\"lazy\" decoding=\"async\" width=\"1024\" height=\"1024\" src=\"https:\/\/pmjecken.de\/wp-content\/uploads\/2026\/01\/qr-code_PMJ_Paypal-1024x1024.png\" alt=\"\" class=\"wp-image-335\" style=\"width:208px;height:auto\" srcset=\"https:\/\/pmjecken.de\/wp-content\/uploads\/2026\/01\/qr-code_PMJ_Paypal-1024x1024.png 1024w, https:\/\/pmjecken.de\/wp-content\/uploads\/2026\/01\/qr-code_PMJ_Paypal-300x300.png 300w, https:\/\/pmjecken.de\/wp-content\/uploads\/2026\/01\/qr-code_PMJ_Paypal-150x150.png 150w, https:\/\/pmjecken.de\/wp-content\/uploads\/2026\/01\/qr-code_PMJ_Paypal-768x768.png 768w, https:\/\/pmjecken.de\/wp-content\/uploads\/2026\/01\/qr-code_PMJ_Paypal-850x850.png 850w, https:\/\/pmjecken.de\/wp-content\/uploads\/2026\/01\/qr-code_PMJ_Paypal.png 1147w\" sizes=\"auto, (max-width: 1024px) 100vw, 1024px\" \/><\/figure>\n\n\n\n<p>\u00dcberweisung:<\/p>\n\n\n\n<p><strong>Vereinskonto\/Bankverbindung:<br>Pauls-M\u00fchler Jecke e. V.<br>IBAN: DE35 3005 0110 0045 0065 17<\/strong><\/p>\n\n\n\n<p><\/p>\n\n\n\n<p>Vielen lieben Dank!<\/p>\n\n\n\n<p><\/p>\n","protected":false},"excerpt":{"rendered":"<p>Die Pauls-M\u00fchler Jecken stehen f\u00fcr gelebtes Brauchtum, ehrenamtliches Engagement und Karneval f\u00fcr alle Generationen. Was viele nicht sehen: Ein Verein funktioniert nicht von allein \u2013 und schon gar nicht kostenlos&#8230;.<\/p>\n","protected":false},"author":3,"featured_media":0,"parent":0,"menu_order":0,"comment_status":"closed","ping_status":"closed","template":"","meta":{"footnotes":""},"class_list":["post-334","page","type-page","status-publish","hentry"],"_links":{"self":[{"href":"https:\/\/pmjecken.de\/index.php?rest_route=\/wp\/v2\/pages\/334","targetHints":{"allow":["GET"]}}],"collection":[{"href":"https:\/\/pmjecken.de\/index.php?rest_route=\/wp\/v2\/pages"}],"about":[{"href":"https:\/\/pmjecken.de\/index.php?rest_route=\/wp\/v2\/types\/page"}],"author":[{"embeddable":true,"href":"https:\/\/pmjecken.de\/index.php?rest_route=\/wp\/v2\/users\/3"}],"replies":[{"embeddable":true,"href":"https:\/\/pmjecken.de\/index.php?rest_route=%2Fwp%2Fv2%2Fcomments&post=334"}],"version-history":[{"count":2,"href":"https:\/\/pmjecken.de\/index.php?rest_route=\/wp\/v2\/pages\/334\/revisions"}],"predecessor-version":[{"id":337,"href":"https:\/\/pmjecken.de\/index.php?rest_route=\/wp\/v2\/pages\/334\/revisions\/337"}],"wp:attachment":[{"href":"https:\/\/pmjecken.de\/index.php?rest_route=%2Fwp%2Fv2%2Fmedia&parent=334"}],"curies":[{"name":"wp","href":"https:\/\/api.w.org\/{rel}","templated":true}]}}